{"id":18155,"date":"2023-09-25T19:54:20","date_gmt":"2023-09-25T22:54:20","guid":{"rendered":"http:\/\/66.94.97.99\/?page_id=18155"},"modified":"2023-10-31T14:41:46","modified_gmt":"2023-10-31T17:41:46","slug":"junta-de-servico-militar","status":"publish","type":"page","link":"https:\/\/www.santamargaridadosul.rs.gov.br\/index.php\/junta-de-servico-militar\/","title":{"rendered":"Junta de Servi\u00e7o Militar"},"content":{"rendered":"\t\t<div data-elementor-type=\"wp-page\" data-elementor-id=\"18155\" class=\"elementor elementor-18155\" data-elementor-post-type=\"page\">\n\t\t\t\t\t\t<section class=\"elementor-section elementor-top-section elementor-element elementor-element-2ac093e elementor-section-boxed elementor-section-height-default elementor-section-height-default\" data-id=\"2ac093e\" data-element_type=\"section\" data-e-type=\"section\">\n\t\t\t\t\t\t<div class=\"elementor-container elementor-column-gap-default\">\n\t\t\t\t\t<div class=\"elementor-column elementor-col-100 elementor-top-column elementor-element elementor-element-2f8b545\" data-id=\"2f8b545\" data-element_type=\"column\" data-e-type=\"column\">\n\t\t\t<div class=\"elementor-widget-wrap elementor-element-populated\">\n\t\t\t\t\t\t<div class=\"elementor-element elementor-element-5115db3 elementor-widget elementor-widget-image\" data-id=\"5115db3\" data-element_type=\"widget\" data-e-type=\"widget\" data-widget_type=\"image.default\">\n\t\t\t\t<div class=\"elementor-widget-container\">\n\t\t\t\t\t\t\t\t\t\t\t\t\t\t\t<img fetchpriority=\"high\" decoding=\"async\" width=\"694\" height=\"348\" src=\"https:\/\/www.santamargaridadosul.rs.gov.br\/wp-content\/uploads\/2023\/09\/Alistamento-Militar.jpg\" class=\"attachment-large size-large wp-image-18181\" alt=\"\" \/>\t\t\t\t\t\t\t\t\t\t\t\t\t\t\t<\/div>\n\t\t\t\t<\/div>\n\t\t\t\t\t<\/div>\n\t\t<\/div>\n\t\t\t\t\t<\/div>\n\t\t<\/section>\n\t\t\t\t<section class=\"elementor-section elementor-top-section elementor-element elementor-element-3300636 elementor-section-boxed elementor-section-height-default elementor-section-height-default\" data-id=\"3300636\" data-element_type=\"section\" data-e-type=\"section\">\n\t\t\t\t\t\t<div class=\"elementor-container elementor-column-gap-default\">\n\t\t\t\t\t<div class=\"elementor-column elementor-col-100 elementor-top-column elementor-element elementor-element-8892a41\" data-id=\"8892a41\" data-element_type=\"column\" data-e-type=\"column\">\n\t\t\t<div class=\"elementor-widget-wrap elementor-element-populated\">\n\t\t\t\t\t\t<div class=\"elementor-element elementor-element-5bb1c99 elementor-widget elementor-widget-text-editor\" data-id=\"5bb1c99\" data-element_type=\"widget\" data-e-type=\"widget\" data-widget_type=\"text-editor.default\">\n\t\t\t\t<div class=\"elementor-widget-container\">\n\t\t\t\t\t\t\t\t\t<h3>Dados da Junta Militar&nbsp; N\u00ba 287<\/h3>\n<h6>&nbsp;<\/h6>\n<p>Secret\u00e1rio: Cl\u00e9o da Silva Rodrigues<br>Auxiliar: Alessandro Soares Telles de Oliveira<br>Endere\u00e7o: Rua 17 de abril, n\u00ba 503<br>Bairro: Centro<br>Cep: 97.335.000<br>Telefone: (55) 3615-3303<br>Hor\u00e1rio de expediente: Das 08:hs \u00e0s 13h<\/p>\n<p>Link para ALISTAMENTO MILITAR<\/p>\n<p><a href=\"http:\/\/www.alistamento.eb.mil.br\/\" target=\"_blank\">http:\/\/www.alistamento.eb.mil.br\/<\/a><br><\/p>\t\t\t\t\t\t\t\t<\/div>\n\t\t\t\t<\/div>\n\t\t\t\t\t<\/div>\n\t\t<\/div>\n\t\t\t\t\t<\/div>\n\t\t<\/section>\n\t\t\t\t<section class=\"elementor-section elementor-top-section elementor-element elementor-element-cb258ef elementor-section-boxed elementor-section-height-default elementor-section-height-default\" data-id=\"cb258ef\" data-element_type=\"section\" data-e-type=\"section\">\n\t\t\t\t\t\t<div class=\"elementor-container elementor-column-gap-default\">\n\t\t\t\t\t<div class=\"elementor-column elementor-col-100 elementor-top-column elementor-element elementor-element-44c9b45\" data-id=\"44c9b45\" data-element_type=\"column\" data-e-type=\"column\">\n\t\t\t<div class=\"elementor-widget-wrap elementor-element-populated\">\n\t\t\t\t\t\t<div class=\"elementor-element elementor-element-28145fe elementor-widget elementor-widget-animtext\" data-id=\"28145fe\" data-element_type=\"widget\" data-e-type=\"widget\" data-widget_type=\"animtext.default\">\n\t\t\t\t\r\n\t\t<div class=\"elementor-widget-container animated-text-elementor-widget\">\r\n\t\t\t<h3 class=\"animate-title\"> <span class=\"typing-text\" data-typing=\"Not\u00edcias,Publica\u00e7\u00f5es,Informa\u00e7\u00f5es\" data-typespeed=\"100\" data-backspeed=\"100\" data-backdelay=\"1000\" data-startdelay=\"1000\" data-loop=\"true\" data-char=\"\">Not\u00edcias<\/span><\/h3>\t\t\t\r\n\t\t<\/div>\r\n\t\t\t\t<\/div>\n\t\t\t\t\t<\/div>\n\t\t<\/div>\n\t\t\t\t\t<\/div>\n\t\t<\/section>\n\t\t\t\t<section class=\"elementor-section elementor-top-section elementor-element elementor-element-1bef133 elementor-section-boxed elementor-section-height-default elementor-section-height-default\" data-id=\"1bef133\" data-element_type=\"section\" data-e-type=\"section\">\n\t\t\t\t\t\t<div class=\"elementor-container elementor-column-gap-default\">\n\t\t\t\t\t<div class=\"elementor-column elementor-col-100 elementor-top-column elementor-element elementor-element-e90507e\" data-id=\"e90507e\" data-element_type=\"column\" data-e-type=\"column\">\n\t\t\t<div class=\"elementor-widget-wrap elementor-element-populated\">\n\t\t\t\t\t\t<div class=\"elementor-element elementor-element-087b05f elementor-widget elementor-widget-text-editor\" data-id=\"087b05f\" data-element_type=\"widget\" data-e-type=\"widget\" data-widget_type=\"text-editor.default\">\n\t\t\t\t<div class=\"elementor-widget-container\">\n\t\t\t\t\t\t\t\t\t<h2 class=\"post-title\">\u00a0<span class=\"fontstyle0\">Inspe\u00e7\u00e3o de Sa\u00fade Servi\u00e7o Militar 2023\/2024<\/span><\/h2><p>\u00a0<span class=\"fontstyle0\">A junta de Servi\u00e7o Militar de Santa Margarida do Sul informa aos alistados para<br \/>servir em 2024 que o 2\u00ba exame m\u00e9dico para sele\u00e7\u00e3o ser\u00e1:<br \/>Data: 22\/01\/2024.<br \/>Hor\u00e1rio: 8h<br \/>Local: Centro de Eventos do Munic\u00edpio.<br \/>Corredor da Serrinha<br \/>Levar junto o Certificado de Alistamento Militar (CAM).<br \/>D\u00favidas ligar para: 3615-3303<\/span><\/p>\t\t\t\t\t\t\t\t<\/div>\n\t\t\t\t<\/div>\n\t\t\t\t\t<\/div>\n\t\t<\/div>\n\t\t\t\t\t<\/div>\n\t\t<\/section>\n\t\t\t\t<section class=\"elementor-section elementor-top-section elementor-element elementor-element-6cf3900 elementor-section-boxed elementor-section-height-default elementor-section-height-default\" data-id=\"6cf3900\" data-element_type=\"section\" data-e-type=\"section\">\n\t\t\t\t\t\t<div class=\"elementor-container elementor-column-gap-default\">\n\t\t\t\t\t<div class=\"elementor-column elementor-col-100 elementor-top-column elementor-element elementor-element-ddf3ac2\" data-id=\"ddf3ac2\" data-element_type=\"column\" data-e-type=\"column\">\n\t\t\t<div class=\"elementor-widget-wrap elementor-element-populated\">\n\t\t\t\t\t\t<div class=\"elementor-element elementor-element-dd904cd elementor-widget-divider--view-line_icon elementor-view-default elementor-widget-divider--element-align-center elementor-widget elementor-widget-divider\" data-id=\"dd904cd\" data-element_type=\"widget\" data-e-type=\"widget\" data-widget_type=\"divider.default\">\n\t\t\t\t<div class=\"elementor-widget-container\">\n\t\t\t\t\t\t\t<div class=\"elementor-divider\">\n\t\t\t<span class=\"elementor-divider-separator\">\n\t\t\t\t\t\t\t<div class=\"elementor-icon elementor-divider__element\">\n\t\t\t\t\t<i aria-hidden=\"true\" class=\"fas fa-star\"><\/i><\/div>\n\t\t\t\t\t\t<\/span>\n\t\t<\/div>\n\t\t\t\t\t\t<\/div>\n\t\t\t\t<\/div>\n\t\t\t\t\t<\/div>\n\t\t<\/div>\n\t\t\t\t\t<\/div>\n\t\t<\/section>\n\t\t\t\t<section class=\"elementor-section elementor-top-section elementor-element elementor-element-cbe07f4 elementor-section-boxed elementor-section-height-default elementor-section-height-default\" data-id=\"cbe07f4\" data-element_type=\"section\" data-e-type=\"section\">\n\t\t\t\t\t\t<div class=\"elementor-container elementor-column-gap-default\">\n\t\t\t\t\t<div class=\"elementor-column elementor-col-100 elementor-top-column elementor-element elementor-element-4661f34\" data-id=\"4661f34\" data-element_type=\"column\" data-e-type=\"column\">\n\t\t\t<div class=\"elementor-widget-wrap elementor-element-populated\">\n\t\t\t\t\t\t<div class=\"elementor-element elementor-element-bedeaef elementor-widget elementor-widget-text-editor\" data-id=\"bedeaef\" data-element_type=\"widget\" data-e-type=\"widget\" data-widget_type=\"text-editor.default\">\n\t\t\t\t<div class=\"elementor-widget-container\">\n\t\t\t\t\t\t\t\t\t<h2>Exame de Sa\u00fade Servi\u00e7o Militar 2023\/2024<\/h2><p>A junta de Servi\u00e7o Militar de Santa Margarida do Sul informa aos alistados para servir em 2024 que o 1\u00ba exame m\u00e9dico para sele\u00e7\u00e3o ser\u00e1:<\/p><p>Data: 28\/08\/2023.<\/p><p>Hor\u00e1rio: 8h<\/p><p>Local: Centro de Eventos do Munic\u00edpio.<\/p><p>Corredor da Serrinha<\/p><p>Levar junto o Certificado de Alistamento Militar (CAM).<\/p><p>D\u00favidas ligar para 3615-3303<\/p><p>\u00a0<\/p>\t\t\t\t\t\t\t\t<\/div>\n\t\t\t\t<\/div>\n\t\t\t\t\t<\/div>\n\t\t<\/div>\n\t\t\t\t\t<\/div>\n\t\t<\/section>\n\t\t\t\t<section class=\"elementor-section elementor-top-section elementor-element elementor-element-4b8b83d elementor-section-boxed elementor-section-height-default elementor-section-height-default\" data-id=\"4b8b83d\" data-element_type=\"section\" data-e-type=\"section\">\n\t\t\t\t\t\t<div class=\"elementor-container elementor-column-gap-default\">\n\t\t\t\t\t<div class=\"elementor-column elementor-col-100 elementor-top-column elementor-element elementor-element-3201e4a\" data-id=\"3201e4a\" data-element_type=\"column\" data-e-type=\"column\">\n\t\t\t<div class=\"elementor-widget-wrap elementor-element-populated\">\n\t\t\t\t\t\t<div class=\"elementor-element elementor-element-d110fd5 elementor-widget-divider--view-line_icon elementor-view-default elementor-widget-divider--element-align-center elementor-widget elementor-widget-divider\" data-id=\"d110fd5\" data-element_type=\"widget\" data-e-type=\"widget\" data-widget_type=\"divider.default\">\n\t\t\t\t<div class=\"elementor-widget-container\">\n\t\t\t\t\t\t\t<div class=\"elementor-divider\">\n\t\t\t<span class=\"elementor-divider-separator\">\n\t\t\t\t\t\t\t<div class=\"elementor-icon elementor-divider__element\">\n\t\t\t\t\t<i aria-hidden=\"true\" class=\"fas fa-star\"><\/i><\/div>\n\t\t\t\t\t\t<\/span>\n\t\t<\/div>\n\t\t\t\t\t\t<\/div>\n\t\t\t\t<\/div>\n\t\t\t\t\t<\/div>\n\t\t<\/div>\n\t\t\t\t\t<\/div>\n\t\t<\/section>\n\t\t\t\t<section class=\"elementor-section elementor-top-section elementor-element elementor-element-398c18a elementor-section-boxed elementor-section-height-default elementor-section-height-default\" data-id=\"398c18a\" data-element_type=\"section\" data-e-type=\"section\">\n\t\t\t\t\t\t<div class=\"elementor-container elementor-column-gap-default\">\n\t\t\t\t\t<div class=\"elementor-column elementor-col-100 elementor-top-column elementor-element elementor-element-2b462ee\" data-id=\"2b462ee\" data-element_type=\"column\" data-e-type=\"column\">\n\t\t\t<div class=\"elementor-widget-wrap elementor-element-populated\">\n\t\t\t\t\t\t<div class=\"elementor-element elementor-element-f8d8cbd elementor-widget elementor-widget-text-editor\" data-id=\"f8d8cbd\" data-element_type=\"widget\" data-e-type=\"widget\" data-widget_type=\"text-editor.default\">\n\t\t\t\t<div class=\"elementor-widget-container\">\n\t\t\t\t\t\t\t\t\t<h2>Exame de Sa\u00fade Servi\u00e7o Militar 2023\/2024<\/h2><p>A junta de Servi\u00e7o Militar de Santa Margarida do Sul informa aos alistados para servir em 2023 que o exame m\u00e9dico para sele\u00e7\u00e3o ser\u00e1:<\/p><p>Data: 16\/09\/2022.<\/p><p>Hor\u00e1rio: 8h<\/p><p>Local: Centro de Eventos do Munic\u00edpio.<\/p><p>Corredor da Serrinha<\/p><p>Levar junto o Certificado de Alistamento Militar (CAM).<\/p><p>D\u00favidas ligar para 3615-3232<\/p>\t\t\t\t\t\t\t\t<\/div>\n\t\t\t\t<\/div>\n\t\t\t\t\t<\/div>\n\t\t<\/div>\n\t\t\t\t\t<\/div>\n\t\t<\/section>\n\t\t\t\t<section class=\"elementor-section elementor-top-section elementor-element elementor-element-664f95e elementor-section-boxed elementor-section-height-default elementor-section-height-default\" data-id=\"664f95e\" data-element_type=\"section\" data-e-type=\"section\">\n\t\t\t\t\t\t<div class=\"elementor-container elementor-column-gap-default\">\n\t\t\t\t\t<div class=\"elementor-column elementor-col-100 elementor-top-column elementor-element elementor-element-0106d0b\" data-id=\"0106d0b\" data-element_type=\"column\" data-e-type=\"column\">\n\t\t\t<div class=\"elementor-widget-wrap elementor-element-populated\">\n\t\t\t\t\t\t<div class=\"elementor-element elementor-element-95b5e3e elementor-widget-divider--view-line_icon elementor-view-default elementor-widget-divider--element-align-center elementor-widget elementor-widget-divider\" data-id=\"95b5e3e\" data-element_type=\"widget\" data-e-type=\"widget\" data-widget_type=\"divider.default\">\n\t\t\t\t<div class=\"elementor-widget-container\">\n\t\t\t\t\t\t\t<div class=\"elementor-divider\">\n\t\t\t<span class=\"elementor-divider-separator\">\n\t\t\t\t\t\t\t<div class=\"elementor-icon elementor-divider__element\">\n\t\t\t\t\t<i aria-hidden=\"true\" class=\"fas fa-star\"><\/i><\/div>\n\t\t\t\t\t\t<\/span>\n\t\t<\/div>\n\t\t\t\t\t\t<\/div>\n\t\t\t\t<\/div>\n\t\t\t\t\t<\/div>\n\t\t<\/div>\n\t\t\t\t\t<\/div>\n\t\t<\/section>\n\t\t\t\t<section class=\"elementor-section elementor-top-section elementor-element elementor-element-701de55 elementor-section-boxed elementor-section-height-default elementor-section-height-default\" data-id=\"701de55\" data-element_type=\"section\" data-e-type=\"section\">\n\t\t\t\t\t\t<div class=\"elementor-container elementor-column-gap-default\">\n\t\t\t\t\t<div class=\"elementor-column elementor-col-100 elementor-top-column elementor-element elementor-element-7ce8e74\" data-id=\"7ce8e74\" data-element_type=\"column\" data-e-type=\"column\">\n\t\t\t<div class=\"elementor-widget-wrap elementor-element-populated\">\n\t\t\t\t\t\t<div class=\"elementor-element elementor-element-be54456 elementor-widget elementor-widget-text-editor\" data-id=\"be54456\" data-element_type=\"widget\" data-e-type=\"widget\" data-widget_type=\"text-editor.default\">\n\t\t\t\t<div class=\"elementor-widget-container\">\n\t\t\t\t\t\t\t\t\t<h2 class=\"post-title\">Inspe\u00e7\u00e3o de sa\u00fade SMS<\/h2><p>A Junta de Servi\u00e7o Militar de Santa Margarida do Sul convoca todos os alistados para o ano de 2021 para exame de sa\u00fade, que ser\u00e1 realizado no dia 28 de janeiro de 2021, na Secretaria de Agricultura do Munic\u00edpio as 08h.<\/p><p>Os mesmos devem portar o CAM (certificado de alistamento militar).<\/p><p>(\u00c9 OBRIGAT\u00d3RIO O USO DA M\u00c1SCARA)<\/p>\t\t\t\t\t\t\t\t<\/div>\n\t\t\t\t<\/div>\n\t\t\t\t\t<\/div>\n\t\t<\/div>\n\t\t\t\t\t<\/div>\n\t\t<\/section>\n\t\t\t\t<section class=\"elementor-section elementor-top-section elementor-element elementor-element-7d4bc3d elementor-section-boxed elementor-section-height-default elementor-section-height-default\" data-id=\"7d4bc3d\" data-element_type=\"section\" data-e-type=\"section\">\n\t\t\t\t\t\t<div class=\"elementor-container elementor-column-gap-default\">\n\t\t\t\t\t<div class=\"elementor-column elementor-col-100 elementor-top-column elementor-element elementor-element-00c67bf\" data-id=\"00c67bf\" data-element_type=\"column\" data-e-type=\"column\">\n\t\t\t<div class=\"elementor-widget-wrap elementor-element-populated\">\n\t\t\t\t\t\t<div class=\"elementor-element elementor-element-0f1814e elementor-widget-divider--view-line_icon elementor-view-default elementor-widget-divider--element-align-center elementor-widget elementor-widget-divider\" data-id=\"0f1814e\" data-element_type=\"widget\" data-e-type=\"widget\" data-widget_type=\"divider.default\">\n\t\t\t\t<div class=\"elementor-widget-container\">\n\t\t\t\t\t\t\t<div class=\"elementor-divider\">\n\t\t\t<span class=\"elementor-divider-separator\">\n\t\t\t\t\t\t\t<div class=\"elementor-icon elementor-divider__element\">\n\t\t\t\t\t<i aria-hidden=\"true\" class=\"fas fa-star\"><\/i><\/div>\n\t\t\t\t\t\t<\/span>\n\t\t<\/div>\n\t\t\t\t\t\t<\/div>\n\t\t\t\t<\/div>\n\t\t\t\t\t<\/div>\n\t\t<\/div>\n\t\t\t\t\t<\/div>\n\t\t<\/section>\n\t\t\t\t<section class=\"elementor-section elementor-top-section elementor-element elementor-element-efd6cc6 elementor-section-boxed elementor-section-height-default elementor-section-height-default\" data-id=\"efd6cc6\" data-element_type=\"section\" data-e-type=\"section\">\n\t\t\t\t\t\t<div class=\"elementor-container elementor-column-gap-default\">\n\t\t\t\t\t<div class=\"elementor-column elementor-col-100 elementor-top-column elementor-element elementor-element-5d05cd4\" data-id=\"5d05cd4\" data-element_type=\"column\" data-e-type=\"column\">\n\t\t\t<div class=\"elementor-widget-wrap elementor-element-populated\">\n\t\t\t\t\t\t<div class=\"elementor-element elementor-element-21298b2 elementor-widget elementor-widget-text-editor\" data-id=\"21298b2\" data-element_type=\"widget\" data-e-type=\"widget\" data-widget_type=\"text-editor.default\">\n\t\t\t\t<div class=\"elementor-widget-container\">\n\t\t\t\t\t\t\t\t\t<h2 class=\"post-title\">Exame para sele\u00e7\u00e3o 2020 para servir em 2021.<\/h2><p>A junta de Servi\u00e7o Militar de Santa Margarida do Sul informa aos alistados para servir em 2021 que o exame m\u00e9dico para sele\u00e7\u00e3o ser\u00e1:<\/p><p>(USAR M\u00c1SCARA)<\/p><p>Data: 23\/10\/2020.<\/p><p>Hor\u00e1rio: 8h<\/p><p>Local: Secretaria de Sa\u00fade do Munic\u00edpio.<\/p><p>Rua: Jacarand\u00e1, n\u00ba 145.<\/p><p>Levar junto o Certificado de Alistamento Militar (CAM).<\/p><p>(D\u00favidas ligar para 3615-3303 ramal 211).<\/p>\t\t\t\t\t\t\t\t<\/div>\n\t\t\t\t<\/div>\n\t\t\t\t\t<\/div>\n\t\t<\/div>\n\t\t\t\t\t<\/div>\n\t\t<\/section>\n\t\t\t\t<section class=\"elementor-section elementor-top-section elementor-element elementor-element-f8d0509 elementor-section-boxed elementor-section-height-default elementor-section-height-default\" data-id=\"f8d0509\" data-element_type=\"section\" data-e-type=\"section\">\n\t\t\t\t\t\t<div class=\"elementor-container elementor-column-gap-default\">\n\t\t\t\t\t<div class=\"elementor-column elementor-col-100 elementor-top-column elementor-element elementor-element-3104e73\" data-id=\"3104e73\" data-element_type=\"column\" data-e-type=\"column\">\n\t\t\t<div class=\"elementor-widget-wrap elementor-element-populated\">\n\t\t\t\t\t\t<div class=\"elementor-element elementor-element-ffeaca6 elementor-widget-divider--view-line_icon elementor-view-default elementor-widget-divider--element-align-center elementor-widget elementor-widget-divider\" data-id=\"ffeaca6\" data-element_type=\"widget\" data-e-type=\"widget\" data-widget_type=\"divider.default\">\n\t\t\t\t<div class=\"elementor-widget-container\">\n\t\t\t\t\t\t\t<div class=\"elementor-divider\">\n\t\t\t<span class=\"elementor-divider-separator\">\n\t\t\t\t\t\t\t<div class=\"elementor-icon elementor-divider__element\">\n\t\t\t\t\t<i aria-hidden=\"true\" class=\"fas fa-star\"><\/i><\/div>\n\t\t\t\t\t\t<\/span>\n\t\t<\/div>\n\t\t\t\t\t\t<\/div>\n\t\t\t\t<\/div>\n\t\t\t\t\t<\/div>\n\t\t<\/div>\n\t\t\t\t\t<\/div>\n\t\t<\/section>\n\t\t\t\t<section class=\"elementor-section elementor-top-section elementor-element elementor-element-77e75ec elementor-section-boxed elementor-section-height-default elementor-section-height-default\" data-id=\"77e75ec\" data-element_type=\"section\" data-e-type=\"section\">\n\t\t\t\t\t\t<div class=\"elementor-container elementor-column-gap-default\">\n\t\t\t\t\t<div class=\"elementor-column elementor-col-100 elementor-top-column elementor-element elementor-element-5923fc3\" data-id=\"5923fc3\" data-element_type=\"column\" data-e-type=\"column\">\n\t\t\t<div class=\"elementor-widget-wrap elementor-element-populated\">\n\t\t\t\t\t\t<div class=\"elementor-element elementor-element-2145541 elementor-widget elementor-widget-text-editor\" data-id=\"2145541\" data-element_type=\"widget\" data-e-type=\"widget\" data-widget_type=\"text-editor.default\">\n\t\t\t\t<div class=\"elementor-widget-container\">\n\t\t\t\t\t\t\t\t\t<h2 class=\"post-title\">Exame para sele\u00e7\u00e3o 2020 para servir em 2021.<\/h2><p>A junta de Servi\u00e7o Militar de Santa Margarida do Sul informa aos alistados para servir em 2021 que o exame m\u00e9dico para sele\u00e7\u00e3o ser\u00e1:<\/p><p>(USAR M\u00c1SCARA)<\/p><p>Data: 23\/10\/2020.<\/p><p>Hor\u00e1rio: 8h<\/p><p>Local: Secretaria de Sa\u00fade do Munic\u00edpio.<\/p><p>Rua: Jacarand\u00e1, n\u00ba 145.<\/p><p>Levar junto o Certificado de Alistamento Militar (CAM).<\/p><p>(D\u00favidas ligar para 3615-3303 ramal 211).<\/p>\t\t\t\t\t\t\t\t<\/div>\n\t\t\t\t<\/div>\n\t\t\t\t\t<\/div>\n\t\t<\/div>\n\t\t\t\t\t<\/div>\n\t\t<\/section>\n\t\t\t\t<section class=\"elementor-section elementor-top-section elementor-element elementor-element-54b5cf1 elementor-section-boxed elementor-section-height-default elementor-section-height-default\" data-id=\"54b5cf1\" data-element_type=\"section\" data-e-type=\"section\">\n\t\t\t\t\t\t<div class=\"elementor-container elementor-column-gap-default\">\n\t\t\t\t\t<div class=\"elementor-column elementor-col-100 elementor-top-column elementor-element elementor-element-49927db\" data-id=\"49927db\" data-element_type=\"column\" data-e-type=\"column\">\n\t\t\t<div class=\"elementor-widget-wrap elementor-element-populated\">\n\t\t\t\t\t\t<div class=\"elementor-element elementor-element-6666a4f elementor-widget-divider--view-line_icon elementor-view-default elementor-widget-divider--element-align-center elementor-widget elementor-widget-divider\" data-id=\"6666a4f\" data-element_type=\"widget\" data-e-type=\"widget\" data-widget_type=\"divider.default\">\n\t\t\t\t<div class=\"elementor-widget-container\">\n\t\t\t\t\t\t\t<div class=\"elementor-divider\">\n\t\t\t<span class=\"elementor-divider-separator\">\n\t\t\t\t\t\t\t<div class=\"elementor-icon elementor-divider__element\">\n\t\t\t\t\t<i aria-hidden=\"true\" class=\"fas fa-star\"><\/i><\/div>\n\t\t\t\t\t\t<\/span>\n\t\t<\/div>\n\t\t\t\t\t\t<\/div>\n\t\t\t\t<\/div>\n\t\t\t\t\t<\/div>\n\t\t<\/div>\n\t\t\t\t\t<\/div>\n\t\t<\/section>\n\t\t\t\t<\/div>\n\t\t","protected":false},"excerpt":{"rendered":"<p>Dados da Junta Militar&nbsp; N\u00ba 287 &nbsp; Secret\u00e1rio: Cl\u00e9o da Silva RodriguesAuxiliar: Alessandro Soares Telles de OliveiraEndere\u00e7o: Rua 17 de abril, n\u00ba 503Bairro: CentroCep: 97.335.000Telefone: (55) 3615-3303Hor\u00e1rio de expediente: Das 08:hs \u00e0s 13h Link para ALISTAMENTO MILITAR http:\/\/www.alistamento.eb.mil.br\/ Not\u00edcias \u00a0Inspe\u00e7\u00e3o de Sa\u00fade Servi\u00e7o Militar 2023\/2024 \u00a0A junta de Servi\u00e7o Militar de Santa Margarida do Sul<\/p>\n","protected":false},"author":1,"featured_media":0,"parent":0,"menu_order":0,"comment_status":"closed","ping_status":"closed","template":"","meta":{"_acf_changed":false,"om_disable_all_campaigns":false,"footnotes":""},"class_list":["post-18155","page","type-page","status-publish","hentry"],"acf":[],"_links":{"self":[{"href":"https:\/\/www.santamargaridadosul.rs.gov.br\/index.php\/wp-json\/wp\/v2\/pages\/18155","targetHints":{"allow":["GET"]}}],"collection":[{"href":"https:\/\/www.santamargaridadosul.rs.gov.br\/index.php\/wp-json\/wp\/v2\/pages"}],"about":[{"href":"https:\/\/www.santamargaridadosul.rs.gov.br\/index.php\/wp-json\/wp\/v2\/types\/page"}],"author":[{"embeddable":true,"href":"https:\/\/www.santamargaridadosul.rs.gov.br\/index.php\/wp-json\/wp\/v2\/users\/1"}],"replies":[{"embeddable":true,"href":"https:\/\/www.santamargaridadosul.rs.gov.br\/index.php\/wp-json\/wp\/v2\/comments?post=18155"}],"version-history":[{"count":88,"href":"https:\/\/www.santamargaridadosul.rs.gov.br\/index.php\/wp-json\/wp\/v2\/pages\/18155\/revisions"}],"predecessor-version":[{"id":18806,"href":"https:\/\/www.santamargaridadosul.rs.gov.br\/index.php\/wp-json\/wp\/v2\/pages\/18155\/revisions\/18806"}],"wp:attachment":[{"href":"https:\/\/www.santamargaridadosul.rs.gov.br\/index.php\/wp-json\/wp\/v2\/media?parent=18155"}],"curies":[{"name":"wp","href":"https:\/\/api.w.org\/{rel}","templated":true}]}}